{"id":468,"date":"2023-11-28T03:57:39","date_gmt":"2023-11-28T03:57:39","guid":{"rendered":"https:\/\/theleadershub.vn\/?page_id=468"},"modified":"2023-11-28T07:44:42","modified_gmt":"2023-11-28T07:44:42","slug":"phong-hop","status":"publish","type":"page","link":"https:\/\/theleadershub.vn\/index.php\/phong-hop\/","title":{"rendered":"PH\u00d2NG H\u1eccP"},"content":{"rendered":"\n<p>Ph\u00f2ng h\u1ecdp \u0111\u1ea7y \u0111\u1ee7 ti\u1ec7n \u00edch v\u00e0 trang thi\u1ebft b\u1ecb hi\u1ec7n \u0111\u1ea1i<\/p>\n\n\n<div class=\"n2_clear\"><ss3-force-full-width data-overflow-x=\"body\" data-horizontal-selector=\"body\"><div class=\"n2-section-smartslider fitvidsignore  n2_clear\" data-ssid=\"8\"><div id=\"n2-ss-8-align\" class=\"n2-ss-align\"><div class=\"n2-padding\"><div id=\"n2-ss-8\" data-creator=\"Smart Slider 3\" data-responsive=\"fullwidth\" class=\"n2-ss-slider n2-ow n2-has-hover n2notransition  \">\n        <div class=\"n2-ss-slider-1 n2_ss__touch_element n2-ow\">\n            <div class=\"n2-ss-slider-2 n2-ow\">\n                                                <div class=\"n2-ss-slider-3 n2-ow\">\n\n                    <div class=\"n2-ss-slide-backgrounds n2-ow-all\"><div class=\"n2-ss-slide-background\" data-public-id=\"1\" data-mode=\"fill\"><div class=\"n2-ss-slide-background-image\" data-blur=\"0\" data-opacity=\"40\" data-x=\"58\" data-y=\"60\" data-alt=\"\" data-title=\"\" style=\"opacity:0.4;--ss-o-pos-x:58%;--ss-o-pos-y:60%\"><picture class=\"skip-lazy\" data-skip-lazy=\"1\"><img decoding=\"async\" src=\"\/\/theleadershub.vn\/wp-content\/uploads\/2023\/11\/cph_vision_bg.jpg\" alt=\"\" title=\"\" loading=\"lazy\" class=\"skip-lazy\" data-skip-lazy=\"1\"><\/picture><\/div><div data-color=\"RGBA(0,0,0,1)\" style=\"background-color: RGBA(0,0,0,1);\" class=\"n2-ss-slide-background-color\"><\/div><\/div><\/div>                    <div class=\"n2-ss-slider-4 n2-ow\">\n                        <svg xmlns=\"http:\/\/www.w3.org\/2000\/svg\" viewBox=\"0 0 1200 600\" data-related-device=\"desktopPortrait\" class=\"n2-ow n2-ss-preserve-size n2-ss-preserve-size--slider n2-ss-slide-limiter\"><\/svg><div data-first=\"1\" data-slide-duration=\"0\" data-id=\"17\" data-slide-public-id=\"1\" data-title=\"Slide\" class=\"n2-ss-slide n2-ow  n2-ss-slide-17\"><div role=\"note\" class=\"n2-ss-slide--focus\" tabindex=\"-1\">Slide<\/div><div class=\"n2-ss-layers-container n2-ss-slide-limiter n2-ow\"><div class=\"n2-ss-layer n2-ow n-uc-gbMNDndkeBae\" data-sstype=\"slide\" data-pm=\"default\"><div class=\"n2-ss-layer n2-ow n-uc-1f04d0177e95c\" data-pm=\"default\" data-sstype=\"content\" data-hasbackground=\"0\"><div class=\"n2-ss-section-main-content n2-ss-layer-with-background n2-ss-layer-content n2-ow n-uc-1f04d0177e95c-inner\"><div class=\"n2-ss-layer n2-ow n-uc-b6RRmxYqFof7\" data-pm=\"normal\" data-sstype=\"layer\"><div id=\"n2-ss-8item1\" class=\"n2-font-d0dd8546aea8c689dc91d6ac8c07cc14-hover   n2-ss-item-content n2-ss-text n2-ow\" style=\"display:block;\">PH\u00d2NG H\u1eccP CAO C\u1ea4P <\/div><\/div><div class=\"n2-ss-layer n2-ow n2-ss-layer--block n2-ss-has-self-align n-uc-1565eb58409af\" data-pm=\"normal\" data-sstype=\"row\"><div class=\"n2-ss-layer-row n2-ss-layer-with-background n-uc-1565eb58409af-inner\"><div class=\"n2-ss-layer-row-inner \"><div class=\"n2-ss-layer n2-ow n-uc-1e8c865b503c0\" data-pm=\"default\" data-sstype=\"col\"><div class=\"n2-ss-layer-col n2-ss-layer-with-background n2-ss-layer-content n-uc-1e8c865b503c0-inner\"><div class=\"n2-ss-layer n2-ow n-uc-ILLzctLU2xVQ\" data-pm=\"normal\" data-sstype=\"layer\"><div class=\" n2-ss-item-image-content n2-ss-item-content n2-ow-all\"><img loading=\"lazy\" decoding=\"async\" id=\"n2-ss-8item2\" alt=\"\" class=\"skip-lazy\" width=\"1751\" height=\"1113\" data-skip-lazy=\"1\" src=\"\/\/theleadershub.vn\/wp-content\/uploads\/2023\/11\/009.jpg\" \/><\/div><\/div><div class=\"n2-ss-layer n2-ow n-uc-kesDjYLTFDnX\" data-pm=\"normal\" data-sstype=\"layer\"><div id=\"n2-ss-8item3\" class=\"n2-font-15db24c4557f77f3de4624529d8c4578-hover   n2-ss-item-content n2-ss-text n2-ow\" style=\"display:block;\">PH\u00d2NG H\u1eccP L\u1edaN<\/div><\/div><div class=\"n2-ss-layer n2-ow n-uc-TkizjXAWixyu\" data-pm=\"normal\" data-hidemobileportrait=\"1\" data-sstype=\"layer\"><div class=\"n2-ss-item-content n2-ss-text n2-ow-all\"><div class=\"\"><p class=\"n2-font-610eccde628fa553a67ac89f40edf1dc-paragraph   \">V\u1edbi t\u1ea7m view cao v\u00e0 r\u1ed9ng, \u0111em \u0111\u1ebfn kh\u00f4ng gian h\u1ed9i ngh\u1ecb tho\u00e1ng v\u00e0 cao c\u1ea5p. K\u00e8m theo c\u00e1c ti\u1ec7n \u00edch cao c\u1ea5p v\u00e0 thi\u1ebft b\u1ecb hi\u1ec7n \u0111\u1ea1i, \u0111\u1ed9i ng\u0169 nh\u00e2n vi\u00ean t\u1eadn t\u00ecnh<\/p>\n<\/div><\/div><\/div><\/div><\/div><div class=\"n2-ss-layer n2-ow n-uc-1d77be32ceb04\" data-pm=\"default\" data-sstype=\"col\"><div class=\"n2-ss-layer-col n2-ss-layer-with-background n2-ss-layer-content n-uc-1d77be32ceb04-inner\"><div class=\"n2-ss-layer n2-ow n-uc-7eEnnZjghkbE\" data-pm=\"normal\" data-sstype=\"layer\"><div class=\" n2-ss-item-image-content n2-ss-item-content n2-ow-all\"><img loading=\"lazy\" decoding=\"async\" id=\"n2-ss-8item5\" alt=\"\" class=\"skip-lazy\" width=\"2560\" height=\"1703\" data-skip-lazy=\"1\" src=\"\/\/theleadershub.vn\/wp-content\/uploads\/2023\/11\/CQZ_8660-scaled.jpg\" \/><\/div><\/div><div class=\"n2-ss-layer n2-ow n-uc-ASoD7iEz8Pqx\" data-pm=\"normal\" data-sstype=\"layer\"><div id=\"n2-ss-8item6\" class=\"n2-font-15db24c4557f77f3de4624529d8c4578-hover   n2-ss-item-content n2-ss-text n2-ow\" style=\"display:block;\">PH\u00d2NG H\u1eccP 8-10 NG\u01af\u1edcI<\/div><\/div><div class=\"n2-ss-layer n2-ow n-uc-wxWPL5JIOpkd\" data-pm=\"normal\" data-hidemobileportrait=\"1\" data-sstype=\"layer\"><div class=\"n2-ss-item-content n2-ss-text n2-ow-all\"><div class=\"\"><p class=\"n2-font-610eccde628fa553a67ac89f40edf1dc-paragraph   \">Ph\u00f9 h\u1ee3p v\u1edbi c\u00e1c cu\u1ed9c h\u1ecdp nh\u1ecf, h\u1ecdp online, l\u1ed1i \u0111i ri\u00eang bi\u1ec7t t\u1eeb h\u00e0nh lang t\u00f2a nh\u00e0 v\u00e0o m\u00e0 kh\u00f4ng ph\u1ea3i \u0111i qua b\u1ea5t c\u1ee9 khu kh\u00f4ng gian chung n\u00e0o.<\/p>\n<\/div><\/div><\/div><\/div><\/div><\/div><\/div><\/div><div class=\"n2-ss-layer n2-ow n-uc-1fb1b05877c61 n2-ss-layer--auto\" data-pm=\"normal\" data-sstype=\"layer\"><div class=\"n2-ss-button-container n2-ss-item-content n2-ow n2-font-2d483b8a86595cd150d959cc980bf4c1-link  n2-ss-nowrap n2-ss-button-container--non-full-width\"><a class=\"n2-style-4c685027e0de34e13fbafdb1e6c7c6fe-heading  n2-ow \" href=\"https:\/\/airtable.com\/appVuZe9KkkvAwc2Y\/pagJ4pWOKeV6FNhuB\/form\"><div><div>\u0110\u1eb7t Ph\u00f2ng Ngay<\/div><\/div><\/a><\/div><\/div><\/div><\/div><\/div><\/div><\/div>                    <\/div>\n\n                                    <\/div>\n            <\/div>\n        <\/div>\n        <\/div><ss3-loader><\/ss3-loader><\/div><\/div><div class=\"n2_clear\"><\/div><\/div><\/ss3-force-full-width><\/div>","protected":false},"excerpt":{"rendered":"<p>Ph\u00f2ng h\u1ecdp \u0111\u1ea7y \u0111\u1ee7 ti\u1ec7n \u00edch v\u00e0 trang thi\u1ebft b\u1ecb hi\u1ec7n \u0111\u1ea1i<\/p>\n","protected":false},"author":1,"featured_media":0,"parent":0,"menu_order":0,"comment_status":"closed","ping_status":"closed","template":"","meta":{"footnotes":""},"class_list":["post-468","page","type-page","status-publish","hentry"],"_links":{"self":[{"href":"https:\/\/theleadershub.vn\/index.php\/wp-json\/wp\/v2\/pages\/468","targetHints":{"allow":["GET"]}}],"collection":[{"href":"https:\/\/theleadershub.vn\/index.php\/wp-json\/wp\/v2\/pages"}],"about":[{"href":"https:\/\/theleadershub.vn\/index.php\/wp-json\/wp\/v2\/types\/page"}],"author":[{"embeddable":true,"href":"https:\/\/theleadershub.vn\/index.php\/wp-json\/wp\/v2\/users\/1"}],"replies":[{"embeddable":true,"href":"https:\/\/theleadershub.vn\/index.php\/wp-json\/wp\/v2\/comments?post=468"}],"version-history":[{"count":3,"href":"https:\/\/theleadershub.vn\/index.php\/wp-json\/wp\/v2\/pages\/468\/revisions"}],"predecessor-version":[{"id":534,"href":"https:\/\/theleadershub.vn\/index.php\/wp-json\/wp\/v2\/pages\/468\/revisions\/534"}],"wp:attachment":[{"href":"https:\/\/theleadershub.vn\/index.php\/wp-json\/wp\/v2\/media?parent=468"}],"curies":[{"name":"wp","href":"https:\/\/api.w.org\/{rel}","templated":true}]}}