{"id":467,"date":"2023-11-28T03:57:39","date_gmt":"2023-11-28T03:57:39","guid":{"rendered":"https:\/\/theleadershub.vn\/?page_id=467"},"modified":"2026-02-02T08:39:40","modified_gmt":"2026-02-02T08:39:40","slug":"van-phong-ao","status":"publish","type":"page","link":"https:\/\/theleadershub.vn\/index.php\/van-phong-ao\/","title":{"rendered":"V\u0102N PH\u00d2NG \u1ea2O"},"content":{"rendered":"\n<h3 class=\"wp-block-heading\"><strong>L\u00e0m vi\u1ec7c t\u1eeb b\u1ea5t c\u1ee9 \u0111\u00e2u, nh\u01b0ng gi\u1eef m\u1ed9t \u0111\u1ecba ch\u1ec9 uy t\u00edn<\/strong><\/h3>\n\n\n\n<p>Th\u1ec3 hi\u1ec7n v\u1edbi th\u1ebf gi\u1edbi qua m\u1ed9t \u0111\u1ecba ch\u1ec9 t\u1ea1i trung t\u00e2m thanh ph\u1ed1 v\u00e0 cung c\u1ea5p cho doanh nghi\u1ec7p c\u1ee7a b\u1ea1n m\u1ed9t h\u00ecnh \u1ea3nh th\u1ef1c s\u1ef1 chuy\u00ean nghi\u1ec7p m\u00e0 kh\u00f4ng c\u1ea7n chi ph\u00ed thu\u00ea v\u0103n ph\u00f2ng th\u1ef1c s\u1ef1.<\/p>\n\n\n<div class=\"n2_clear\"><ss3-force-full-width data-overflow-x=\"body\" data-horizontal-selector=\"body\"><div class=\"n2-section-smartslider fitvidsignore  n2_clear\" data-ssid=\"6\"><div id=\"n2-ss-6-align\" class=\"n2-ss-align\"><div class=\"n2-padding\"><div id=\"n2-ss-6\" data-creator=\"Smart Slider 3\" data-responsive=\"fullwidth\" class=\"n2-ss-slider n2-ow n2-has-hover n2notransition  \">\n        <div class=\"n2-ss-slider-1 n2_ss__touch_element n2-ow\">\n            <div class=\"n2-ss-slider-2 n2-ow\">\n                                                <div class=\"n2-ss-slider-3 n2-ow\">\n\n                    <div class=\"n2-ss-slide-backgrounds n2-ow-all\"><div class=\"n2-ss-slide-background\" data-public-id=\"1\" data-mode=\"fill\"><div class=\"n2-ss-slide-background-image\" data-blur=\"0\" data-opacity=\"40\" data-x=\"50\" data-y=\"50\" data-alt=\"\" data-title=\"\" style=\"opacity:0.4\"><picture class=\"skip-lazy\" data-skip-lazy=\"1\"><img decoding=\"async\" src=\"\/\/smartslider3.com\/wp-content\/uploads\/slider402\/numbers7.jpg\" alt=\"\" title=\"\" loading=\"lazy\" class=\"skip-lazy\" data-skip-lazy=\"1\"><\/picture><\/div><div data-color=\"RGBA(0,0,0,1)\" style=\"background-color: RGBA(0,0,0,1);\" class=\"n2-ss-slide-background-color\"><\/div><\/div><\/div>                    <div class=\"n2-ss-slider-4 n2-ow\">\n                        <svg xmlns=\"http:\/\/www.w3.org\/2000\/svg\" viewBox=\"0 0 1200 600\" data-related-device=\"desktopPortrait\" class=\"n2-ow n2-ss-preserve-size n2-ss-preserve-size--slider n2-ss-slide-limiter\"><\/svg><div data-first=\"1\" data-slide-duration=\"0\" data-id=\"15\" data-slide-public-id=\"1\" data-title=\"Slide\" class=\"n2-ss-slide n2-ow  n2-ss-slide-15\"><div role=\"note\" class=\"n2-ss-slide--focus\" tabindex=\"-1\">Slide<\/div><div class=\"n2-ss-layers-container n2-ss-slide-limiter n2-ow\"><div class=\"n2-ss-layer n2-ow n-uc-USX9BbCcMnIX\" data-sstype=\"slide\" data-pm=\"default\"><div class=\"n2-ss-layer n2-ow n-uc-126b9d25fe74c\" data-pm=\"default\" data-sstype=\"content\" data-hasbackground=\"0\"><div class=\"n2-ss-section-main-content n2-ss-layer-with-background n2-ss-layer-content n2-ow n-uc-126b9d25fe74c-inner\"><div class=\"n2-ss-layer n2-ow n-uc-Kyihj1LshIrX\" data-pm=\"normal\" data-sstype=\"layer\"><div id=\"n2-ss-6item1\" class=\"n2-font-bc8e8d376f790899018c37bdb0992dad-hover   n2-ss-item-content n2-ss-text n2-ow\" style=\"display:block;\">G\u00d3I D\u1ecaCH V\u1ee4 V\u0102N PH\u00d2NG \u1ea2O<\/div><\/div><div class=\"n2-ss-layer n2-ow n2-ss-layer--block n2-ss-has-self-align n-uc-1ce298841e9ca\" data-pm=\"normal\" data-sstype=\"row\"><div class=\"n2-ss-layer-row n2-ss-layer-with-background n-uc-1ce298841e9ca-inner\"><div class=\"n2-ss-layer-row-inner \"><div class=\"n2-ss-layer n2-ow n-uc-1650798c695b7\" data-pm=\"default\" data-sstype=\"col\"><div class=\"n2-ss-layer-col n2-ss-layer-with-background n2-ss-layer-content n-uc-1650798c695b7-inner\"><div class=\"n2-ss-layer n2-ow n-uc-ILoREFPTFZnk\" data-pm=\"normal\" data-sstype=\"layer\"><div id=\"n2-ss-6item2\" class=\"n2-font-ba5fe4f9af658c5b27a37e201ac8da55-hover   n2-ss-item-content n2-ss-text n2-ow\" style=\"display:block;\">C\u01a0 B\u1ea2N<\/div><\/div><div class=\"n2-ss-layer n2-ow n-uc-WtANAbgCBd3N\" data-pm=\"normal\" data-sstype=\"layer\"><div id=\"n2-ss-6item3\" class=\"n2-font-46702822ff0adde21f400245931a2c10-hover   n2-ss-item-content n2-ss-text n2-ow\" style=\"display:block;\">G\u00f3i \u0111\u1ecba ch\u1ec9 kinh doanh<\/div><\/div><div class=\"n2-ss-layer n2-ow n-uc-YXiPHyUT5vb6\" data-pm=\"normal\" data-sstype=\"layer\"><div class=\"n2-ss-item-content n2-ss-text n2-ow-all\"><div class=\"\"><p class=\"n2-font-1d21aeab780d3ddfc00dcae241b2e483-paragraph   \">\u0110\u1ecba ch\u1ec9 v\u0103n ph\u00f2ng h\u1ea1ng A<\/p>\n<\/div><\/div><\/div><div class=\"n2-ss-layer n2-ow n-uc-4fm4Hs3rodkO\" data-pm=\"normal\" data-sstype=\"layer\"><div class=\"n2-ss-item-content n2-ss-text n2-ow-all\"><div class=\"\"><p class=\"n2-font-1d21aeab780d3ddfc00dcae241b2e483-paragraph   \">D\u1ecbch v\u1ee5 nh\u1eadn th\u01b0<\/p>\n<\/div><\/div><\/div><div class=\"n2-ss-layer n2-ow n-uc-U2KMte0kKdTz n2-ss-layer--auto\" data-pm=\"normal\" data-sstype=\"layer\"><div class=\"n2-ss-button-container n2-ss-item-content n2-ow n2-font-eff2aced2781d2712e1951a8ee5e5a94-link  n2-ss-nowrap n2-ss-button-container--non-full-width\"><a class=\"n2-style-dcfb4a6e0b00f0110aece05df3333ccb-heading  n2-ow \" onclick=\"return false;\" href=\"#\"><div><div>Ch\u1ec9 t\u1eeb 980,000 VN\u0110\/th\u00e1ng<\/div><\/div><\/a><\/div><\/div><\/div><\/div><div class=\"n2-ss-layer n2-ow n-uc-17ea9478d3e49\" data-pm=\"default\" data-sstype=\"col\"><div class=\"n2-ss-layer-col n2-ss-layer-with-background n2-ss-layer-content n-uc-17ea9478d3e49-inner\"><div class=\"n2-ss-layer n2-ow n-uc-WnpTbvCGxnVl\" data-pm=\"normal\" data-sstype=\"layer\"><div id=\"n2-ss-6item7\" class=\"n2-font-ba5fe4f9af658c5b27a37e201ac8da55-hover   n2-ss-item-content n2-ss-text n2-ow\" style=\"display:block;\">TI\u00caU CHU\u1ea8N<\/div><\/div><div class=\"n2-ss-layer n2-ow n-uc-FZLS8TNm0vWG\" data-pm=\"normal\" data-sstype=\"layer\"><div id=\"n2-ss-6item8\" class=\"n2-font-46702822ff0adde21f400245931a2c10-hover   n2-ss-item-content n2-ss-text n2-ow\" style=\"display:block;\">G\u00f3i V\u0103n Ph\u00f2ng \u1ea2o<\/div><\/div><div class=\"n2-ss-layer n2-ow n-uc-jei9ayhLWetA\" data-pm=\"normal\" data-sstype=\"layer\"><div class=\"n2-ss-item-content n2-ss-text n2-ow-all\"><div class=\"\"><p class=\"n2-font-1d21aeab780d3ddfc00dcae241b2e483-paragraph   \">\u0110\u1ecba ch\u1ec9 v\u0103n ph\u00f2ng H\u1ea1ng A<\/p>\n<\/div><\/div><\/div><div class=\"n2-ss-layer n2-ow n-uc-atlDuZlR6Zbz\" data-pm=\"normal\" data-sstype=\"layer\"><div class=\"n2-ss-item-content n2-ss-text n2-ow-all\"><div class=\"\"><p class=\"n2-font-1d21aeab780d3ddfc00dcae241b2e483-paragraph   \">D\u1ecbch v\u1ee5 nh\u1eadn th\u01b0<\/p>\n<\/div><\/div><\/div><div class=\"n2-ss-layer n2-ow n-uc-1hpooWGLKqqV\" data-pm=\"normal\" data-sstype=\"layer\"><div class=\"n2-ss-item-content n2-ss-text n2-ow-all\"><div class=\"\"><p class=\"n2-font-1d21aeab780d3ddfc00dcae241b2e483-paragraph   \">D\u1ecbch v\u1ee5 tr\u1ea3 l\u1eddi \u0111i\u1ec7n tho\u1ea1i<\/p>\n<\/div><\/div><\/div><div class=\"n2-ss-layer n2-ow n-uc-9qQZyOEKHxbN\" data-pm=\"normal\" data-sstype=\"layer\"><div class=\"n2-ss-item-content n2-ss-text n2-ow-all\"><div class=\"\"><\/div><\/div><\/div><div class=\"n2-ss-layer n2-ow n-uc-uWJ4G9kwcOjh n2-ss-layer--auto\" data-pm=\"normal\" data-sstype=\"layer\"><div class=\"n2-ss-button-container n2-ss-item-content n2-ow n2-font-eff2aced2781d2712e1951a8ee5e5a94-link  n2-ss-nowrap n2-ss-button-container--non-full-width\"><a class=\"n2-style-dcfb4a6e0b00f0110aece05df3333ccb-heading  n2-ow \" onclick=\"return false;\" href=\"#\"><div><div>Ch\u1ec9 t\u1eeb 1,905,000VN\u0110\/th\u00e1ng<\/div><\/div><\/a><\/div><\/div><\/div><\/div><\/div><\/div><\/div><\/div><\/div><\/div><\/div><\/div>                    <\/div>\n\n                                    <\/div>\n            <\/div>\n        <\/div>\n        <\/div><ss3-loader><\/ss3-loader><\/div><\/div><div class=\"n2_clear\"><\/div><\/div><\/ss3-force-full-width><\/div>\n\n\n<p><\/p>\n","protected":false},"excerpt":{"rendered":"<p>L\u00e0m vi\u1ec7c t\u1eeb b\u1ea5t c\u1ee9 \u0111\u00e2u, nh\u01b0ng gi\u1eef m\u1ed9t \u0111\u1ecba ch\u1ec9 uy t\u00edn Th\u1ec3 hi\u1ec7n v\u1edbi th\u1ebf gi\u1edbi qua m\u1ed9t \u0111\u1ecba ch\u1ec9 t\u1ea1i trung t\u00e2m thanh ph\u1ed1 v\u00e0 cung c\u1ea5p cho doanh nghi\u1ec7p c\u1ee7a b\u1ea1n m\u1ed9t h\u00ecnh \u1ea3nh th\u1ef1c s\u1ef1 chuy\u00ean nghi\u1ec7p m\u00e0 kh\u00f4ng c\u1ea7n chi ph\u00ed thu\u00ea v\u0103n ph\u00f2ng [&hellip;]<\/p>\n","protected":false},"author":1,"featured_media":0,"parent":0,"menu_order":0,"comment_status":"closed","ping_status":"closed","template":"","meta":{"footnotes":""},"class_list":["post-467","page","type-page","status-publish","hentry"],"_links":{"self":[{"href":"https:\/\/theleadershub.vn\/index.php\/wp-json\/wp\/v2\/pages\/467","targetHints":{"allow":["GET"]}}],"collection":[{"href":"https:\/\/theleadershub.vn\/index.php\/wp-json\/wp\/v2\/pages"}],"about":[{"href":"https:\/\/theleadershub.vn\/index.php\/wp-json\/wp\/v2\/types\/page"}],"author":[{"embeddable":true,"href":"https:\/\/theleadershub.vn\/index.php\/wp-json\/wp\/v2\/users\/1"}],"replies":[{"embeddable":true,"href":"https:\/\/theleadershub.vn\/index.php\/wp-json\/wp\/v2\/comments?post=467"}],"version-history":[{"count":4,"href":"https:\/\/theleadershub.vn\/index.php\/wp-json\/wp\/v2\/pages\/467\/revisions"}],"predecessor-version":[{"id":650,"href":"https:\/\/theleadershub.vn\/index.php\/wp-json\/wp\/v2\/pages\/467\/revisions\/650"}],"wp:attachment":[{"href":"https:\/\/theleadershub.vn\/index.php\/wp-json\/wp\/v2\/media?parent=467"}],"curies":[{"name":"wp","href":"https:\/\/api.w.org\/{rel}","templated":true}]}}