{"id":354,"date":"2023-04-04T04:26:09","date_gmt":"2023-04-04T04:26:09","guid":{"rendered":"https:\/\/theleadershub.vn\/?page_id=354"},"modified":"2023-11-24T10:48:01","modified_gmt":"2023-11-24T10:48:01","slug":"about-us","status":"publish","type":"page","link":"https:\/\/theleadershub.vn\/index.php\/about-us\/","title":{"rendered":"V\u1ec1 Ch\u00fang T\u00f4i"},"content":{"rendered":"<div class=\"wp-block-image\">\n<figure class=\"aligncenter size-full is-resized\"><img loading=\"lazy\" decoding=\"async\" width=\"432\" height=\"431\" src=\"https:\/\/theleadershub.vn\/wp-content\/uploads\/2023\/04\/image-6.png\" alt=\"\" class=\"wp-image-365\" style=\"width:209px;height:209px\" srcset=\"https:\/\/theleadershub.vn\/wp-content\/uploads\/2023\/04\/image-6.png 432w, https:\/\/theleadershub.vn\/wp-content\/uploads\/2023\/04\/image-6-300x300.png 300w, https:\/\/theleadershub.vn\/wp-content\/uploads\/2023\/04\/image-6-150x150.png 150w\" sizes=\"auto, (max-width: 432px) 100vw, 432px\" \/><\/figure>\n<\/div>\n\n\n<p>T\u1ecda l\u1ea1c tr\u00ean <strong>t\u1ea7ng 19, th\u00e1p 1 c\u1ee7a t\u00f2a nh\u00e0 Capital Place<\/strong>, Ba \u0110\u00ecnh, H\u00e0 N\u1ed9i, Leaders Hub l\u00e0 n\u01a1i cung c\u1ea5p c\u00e1c d\u1ecbch v\u1ee5 v\u0103n ph\u00f2ng hi\u1ec7n \u0111\u1ea1i, \u0111\u1ea7y \u0111\u1ee7 ti\u1ec7n nghi, ph\u00f2ng h\u1ecdp v\u00e0 kh\u00f4ng gian l\u00e0m vi\u1ec7c v\u1edbi \u0111i\u1ec1u ki\u1ec7n cho thu\u00ea linh ho\u1ea1t, \u0111\u00e1p \u1ee9ng c\u00e1c nhu c\u1ea7u kh\u00e1c nhau. T\u1ea5t c\u1ea3 c\u00e1c kh\u00f4ng gian l\u00e0m vi\u1ec7c \u0111\u1ec1u cho ph\u00e9p ng\u01b0\u1eddi s\u1eed d\u1ee5ng truy c\u1eadp v\u00e0o c\u00e1c ti\u1ec7n \u00edch l\u00e0m vi\u1ec7c ti\u00ean ti\u1ebfn v\u00e0 hi\u1ec7n \u0111\u1ea1i, bao g\u1ed3m Internet Wi-Fi t\u1ed1c \u0111\u1ed9 cao, m\u00e1y in, m\u00e1y photocopy, b\u1ebfp \u0103n, d\u1ecbch v\u1ee5 qu\u1ea3n l\u00fd v\u0103n ph\u00f2ng, v\u00e0 nhi\u1ec1u ti\u1ec7n \u00edch kh\u00e1c.<\/p>\n\n\n\n<p>Ch\u00fang t\u00f4i tin r\u1eb1ng kh\u00f4ng gian v\u0103n ph\u00f2ng l\u00e0 th\u1ebf gi\u1edbi ri\u00eang d\u00e0nh cho ng\u01b0\u1eddi d\u00f9ng v\u00e0 \u00fd t\u01b0\u1edfng. T\u1ea1i Leaders Hub, ch\u00fang t\u00f4i cung c\u1ea5p s\u1ef1 ri\u00eang t\u01b0 c\u1ea7n thi\u1ebft cho m\u1ed7i khu v\u1ef1c. T\u1eeb s\u1ea3nh th\u01b0\u01a1ng gia, t\u1edbi ph\u00f2ng h\u1ecdp hay c\u00e1c ph\u00f2ng ri\u00eang, c\u00e1c khu v\u1ef1c \u0111\u1ec1u c\u00f3 c\u1eeda ng\u0103n \u0111\u1ea3m b\u1ea3o s\u1ef1 ri\u00eang t\u01b0.<\/p>\n\n\n\n<p>\u0110\u1ed3ng th\u1eddi, t\u00ednh linh ho\u1ea1t \u0111\u01b0\u1ee3c Leaders Hub cung c\u1ea5p bao g\u1ed3m c\u00e1c g\u00f3i s\u1eed d\u1ee5ng kh\u00f4ng gian \u0111a d\u1ea1ng (thu\u00ea theo b\u00e0n l\u00e0m vi\u1ec7c c\u1ed1 \u0111\u1ecbnh hay hotdesk, hay ph\u00f2ng ri\u00eang), c\u00e1c th\u1eddi h\u1ea1n s\u1eed d\u1ee5ng linh ho\u1ea1t (thu\u00ea theo ng\u00e0y, theo gi\u1edd, theo th\u00e1ng), \u0111\u01b0\u1ee3c qu\u1ea3n l\u00fd th\u00f4ng minh b\u1eb1ng \u1ee9ng d\u1ee5ng \u0111\u1eb7t ch\u1ed7 tr\u00ean \u0111i\u1ec7n tho\u1ea1i.<\/p>\n\n\n\n<figure class=\"wp-block-image size-large\"><img loading=\"lazy\" decoding=\"async\" width=\"1024\" height=\"659\" src=\"https:\/\/theleadershub.vn\/wp-content\/uploads\/2023\/11\/THD-1024x659.jpg\" alt=\"\" class=\"wp-image-426\" srcset=\"https:\/\/theleadershub.vn\/wp-content\/uploads\/2023\/11\/THD-1024x659.jpg 1024w, https:\/\/theleadershub.vn\/wp-content\/uploads\/2023\/11\/THD-300x193.jpg 300w, https:\/\/theleadershub.vn\/wp-content\/uploads\/2023\/11\/THD-768x494.jpg 768w, https:\/\/theleadershub.vn\/wp-content\/uploads\/2023\/11\/THD.jpg 1401w\" sizes=\"auto, (max-width: 1024px) 100vw, 1024px\" \/><\/figure>\n","protected":false},"excerpt":{"rendered":"<p>T\u1ecda l\u1ea1c tr\u00ean t\u1ea7ng 19, th\u00e1p 1 c\u1ee7a t\u00f2a nh\u00e0 Capital Place, Ba \u0110\u00ecnh, H\u00e0 N\u1ed9i, Leaders Hub l\u00e0 n\u01a1i cung c\u1ea5p c\u00e1c d\u1ecbch v\u1ee5 v\u0103n ph\u00f2ng hi\u1ec7n \u0111\u1ea1i, \u0111\u1ea7y \u0111\u1ee7 ti\u1ec7n nghi, ph\u00f2ng h\u1ecdp v\u00e0 kh\u00f4ng gian l\u00e0m vi\u1ec7c v\u1edbi \u0111i\u1ec1u ki\u1ec7n cho thu\u00ea linh ho\u1ea1t, \u0111\u00e1p \u1ee9ng c\u00e1c [&hellip;]<\/p>\n","protected":false},"author":1,"featured_media":0,"parent":0,"menu_order":0,"comment_status":"closed","ping_status":"closed","template":"","meta":{"footnotes":""},"class_list":["post-354","page","type-page","status-publish","hentry"],"_links":{"self":[{"href":"https:\/\/theleadershub.vn\/index.php\/wp-json\/wp\/v2\/pages\/354","targetHints":{"allow":["GET"]}}],"collection":[{"href":"https:\/\/theleadershub.vn\/index.php\/wp-json\/wp\/v2\/pages"}],"about":[{"href":"https:\/\/theleadershub.vn\/index.php\/wp-json\/wp\/v2\/types\/page"}],"author":[{"embeddable":true,"href":"https:\/\/theleadershub.vn\/index.php\/wp-json\/wp\/v2\/users\/1"}],"replies":[{"embeddable":true,"href":"https:\/\/theleadershub.vn\/index.php\/wp-json\/wp\/v2\/comments?post=354"}],"version-history":[{"count":4,"href":"https:\/\/theleadershub.vn\/index.php\/wp-json\/wp\/v2\/pages\/354\/revisions"}],"predecessor-version":[{"id":427,"href":"https:\/\/theleadershub.vn\/index.php\/wp-json\/wp\/v2\/pages\/354\/revisions\/427"}],"wp:attachment":[{"href":"https:\/\/theleadershub.vn\/index.php\/wp-json\/wp\/v2\/media?parent=354"}],"curies":[{"name":"wp","href":"https:\/\/api.w.org\/{rel}","templated":true}]}}