{"id":12,"date":"2023-03-12T12:36:43","date_gmt":"2023-03-12T12:36:43","guid":{"rendered":"https:\/\/theleadershub.vn\/?page_id=12"},"modified":"2026-04-09T03:34:06","modified_gmt":"2026-04-09T03:34:06","slug":"home","status":"publish","type":"page","link":"https:\/\/theleadershub.vn\/","title":{"rendered":"Home"},"content":{"rendered":"\n<div class=\"wp-block-cover alignfull is-light hestia-clear-top-padding\" style=\"min-height:1351px;aspect-ratio:unset;\"><span aria-hidden=\"true\" class=\"wp-block-cover__background has-white-background-color has-background-dim-100 has-background-dim\"><\/span><div class=\"wp-block-cover__inner-container is-layout-flow wp-block-cover-is-layout-flow\">\n<div style=\"height:23px\" aria-hidden=\"true\" class=\"wp-block-spacer\"><\/div>\n\n\n<div class=\"n2-section-smartslider fitvidsignore  n2_clear\" data-ssid=\"12\" tabindex=\"0\" role=\"region\" aria-label=\"Slider\"><div id=\"n2-ss-12-align\" class=\"n2-ss-align\"><div class=\"n2-padding\"><div id=\"n2-ss-12\" data-creator=\"Smart Slider 3\" data-responsive=\"fullwidth\" class=\"n2-ss-slider n2-ow n2-has-hover n2notransition  \">\n        <div class=\"n2-ss-slider-1 n2_ss__touch_element n2-ow\">\n            <div class=\"n2-ss-slider-2 n2-ow\">\n                                                <div class=\"n2-ss-slider-3 n2-ow\">\n\n                    <div class=\"n2-ss-slide-backgrounds n2-ow-all\"><div class=\"n2-ss-slide-background\" data-public-id=\"1\" data-mode=\"fill\"><div data-gradient=\"horizontal\" data-color-start=\"RGBA(255,255,255,1)\" data-color-end=\"RGBA(255,255,255,1)\" style=\"background:linear-gradient(to right, RGBA(255,255,255,1) 0%,RGBA(255,255,255,1) 100%);\" class=\"n2-ss-slide-background-color\"><\/div><\/div><\/div>                    <div class=\"n2-ss-slider-4 n2-ow\">\n                        <svg xmlns=\"http:\/\/www.w3.org\/2000\/svg\" viewBox=\"0 0 1300 600\" data-related-device=\"desktopPortrait\" class=\"n2-ow n2-ss-preserve-size n2-ss-preserve-size--slider n2-ss-slide-limiter\"><\/svg><div data-first=\"1\" data-slide-duration=\"0\" data-id=\"27\" data-slide-public-id=\"1\" data-title=\"Slide 1\" class=\"n2-ss-slide n2-ow  n2-ss-slide-27\"><div role=\"note\" class=\"n2-ss-slide--focus\" tabindex=\"-1\">Slide 1<\/div><div class=\"n2-ss-layers-container n2-ss-slide-limiter n2-ow\"><div class=\"n2-ss-layer n2-ow n-uc-ZtSKQbpY3Wjn\" data-sstype=\"slide\" data-pm=\"default\"><div class=\"n2-ss-layer n2-ow n-uc-1e3939b569b9b\" data-pm=\"default\" data-sstype=\"content\" data-hasbackground=\"1\"><div class=\"n2-ss-section-main-content n2-ss-layer-with-background n2-ss-layer-content n2-ow n-uc-1e3939b569b9b-inner\"><div class=\"n2-ss-layer n2-ow n-uc-113c53b1bbc6e\" data-pm=\"normal\" data-sstype=\"layer\"><div class=\" n2-ss-item-image-content n2-ss-item-content n2-ow-all\"><img loading=\"lazy\" decoding=\"async\" id=\"n2-ss-12item1\" alt=\"\" class=\"skip-lazy\" width=\"2149\" height=\"1415\" data-skip-lazy=\"1\" src=\"\/\/theleadershub.vn\/wp-content\/uploads\/2024\/06\/BACK-04.jpg\" \/><\/div><\/div><div class=\"n2-ss-layer n2-ow n-uc-10ae7ea81b553 n2-ss-layer--auto\" data-pm=\"normal\" data-sstype=\"layer\"><h2 id=\"n2-ss-12item2\" class=\"n2-font-664fe2a26a9a426599b2d9e22e71c5aa-hover n2-style-b43f091fa3f9c3840416a38c84f63dbf-heading   n2-ss-item-content n2-ss-text n2-ow\" style=\"display:inline-block;\">V\u0102N PH\u00d2NG D\u1ecaCH V\u1ee4 <br><\/h2><\/div><div class=\"n2-ss-layer n2-ow n2-ss-layer--block n2-ss-has-self-align n-uc-15f2c1818670c\" data-pm=\"normal\" data-sstype=\"row\"><div class=\"n2-ss-layer-row n2-ss-layer-with-background n-uc-15f2c1818670c-inner\"><div class=\"n2-ss-layer-row-inner \"><div class=\"n2-ss-layer n2-ow n-uc-15c23ae13d0ec\" data-pm=\"default\" data-sstype=\"col\"><div class=\"n2-ss-layer-col n2-ss-layer-with-background n2-ss-layer-content n-uc-15c23ae13d0ec-inner\"><div class=\"n2-ss-layer n2-ow n-uc-1b5fad96a5ec7\" data-pm=\"normal\" data-sstype=\"layer\"><h2 id=\"n2-ss-12item3\" class=\"n2-font-6aab2fe848010364d5935799432a84b0-hover   n2-ss-item-content n2-ss-text n2-ow\" style=\"display:block;white-space:nowrap;\">THE LEADERS HUB<br><\/h2><\/div><div class=\"n2-ss-layer n2-ow n-uc-15e9abd6f2c08\" data-pm=\"normal\" data-sstype=\"layer\"><div class=\"n2-ss-item-content n2-ss-text n2-ow-all\"><div data-hide-desktoplandscape=\"1\" data-hide-desktopportrait=\"1\" data-hide-tabletlandscape=\"1\" data-hide-tabletportrait=\"1\"><p class=\"n2-font-8fe6b7e6b008784d3087dedfa330ec3e-paragraph   \">Gi\u1ea3i ph\u00e1p v\u0103n ph\u00f2ng tr\u1ecdn g\u00f3i<br \/>\nTi\u1ec7n l\u1ee3i &#8211; Linh ho\u1ea1t &#8211; Chuy\u00ean nghi\u1ec7p<\/p>\n<\/div><div class=\"\" data-hide-desktoplandscape=\"1\" data-hide-desktopportrait=\"1\" data-hide-mobilelandscape=\"1\" data-hide-mobileportrait=\"1\"><p class=\"n2-font-8fe6b7e6b008784d3087dedfa330ec3e-paragraph  \">Gi\u1ea3i ph\u00e1p v\u0103n ph\u00f2ng tr\u1ecdn g\u00f3i<br \/>\nTi\u1ec7n l\u1ee3i &#8211; Linh ho\u1ea1t &#8211; Chuy\u00ean nghi\u1ec7p<\/p>\n<\/div><div class=\"\" data-hide-mobilelandscape=\"1\" data-hide-mobileportrait=\"1\" data-hide-tabletlandscape=\"1\" data-hide-tabletportrait=\"1\"><p class=\"n2-font-8fe6b7e6b008784d3087dedfa330ec3e-paragraph   \">Gi\u1ea3i ph\u00e1p v\u0103n ph\u00f2ng tr\u1ecdn g\u00f3i<br \/>\nTi\u1ec7n l\u1ee3i &#8211; Linh ho\u1ea1t &#8211; Chuy\u00ean nghi\u1ec7p<\/p>\n<\/div><\/div><\/div><div class=\"n2-ss-layer n2-ow n-uc-1627589122b31 n2-ss-layer--auto\" data-pm=\"normal\" data-sstype=\"layer\"><div class=\"n2-ss-button-container n2-ss-item-content n2-ow n2-font-0b6163f2505d759c78b5f767c5553590-link  n2-ss-nowrap n2-ss-button-container--non-full-width\"><a class=\"n2-style-520dd4de28474d86953b944cba1fa8fe-heading  n2-ow \" target=\"_blank\" href=\"https:\/\/airtable.com\/appBh9qfertMpRpLL\/paglWQVHJoguzkR2R\/form\"><div><div>G\u1eedi Y\u00eau C\u1ea7u D\u1ecbch V\u1ee5 <\/div><\/div><\/a><\/div><\/div><\/div><\/div><\/div><\/div><\/div><\/div><\/div><\/div><\/div><\/div>                    <\/div>\n\n                                    <\/div>\n            <\/div>\n        <\/div>\n        <\/div><ss3-loader><\/ss3-loader><\/div><\/div><div class=\"n2_clear\"><\/div><\/div>\n\n\n<div class=\"wp-block-group\"><div class=\"wp-block-group__inner-container is-layout-constrained wp-block-group-is-layout-constrained\">\n<div class=\"wp-block-buttons is-layout-flex wp-block-buttons-is-layout-flex\"><\/div>\n<\/div><\/div>\n\n\n\n<div class=\"wp-block-columns container is-layout-flex wp-container-core-columns-is-layout-9d6595d7 wp-block-columns-is-layout-flex\">\n<div class=\"wp-block-column is-layout-flow wp-block-column-is-layout-flow\">\n<figure class=\"wp-block-gallery aligncenter has-nested-images columns-default is-cropped wp-block-gallery-1 is-layout-flex wp-block-gallery-is-layout-flex\"><div class=\"wp-block-image\">\n<figure class=\"aligncenter size-large\"><img decoding=\"async\" data-id=\"70\" src=\"https:\/\/theleadershub.vn\/wp-content\/themes\/hestia\/assets\/img\/feat1.png\" alt=\"\" class=\"wp-image-70\"\/><\/figure>\n<\/div><\/figure>\n\n\n\n<h5 class=\"wp-block-heading has-text-align-center has-text-color\" style=\"color:#3c4858;font-size:18px\">01. <strong>Kh\u00e1m Ph\u00e1 v\u00e0 Tr\u1ea3i Nghi\u1ec7m<\/strong><\/h5>\n\n\n\n<p class=\"has-text-align-center has-text-color\" style=\"color:#999999;font-size:14px\">Kh\u00e1m ph\u00e1 n\u01a1i l\u00e0m vi\u1ec7c l\u00fd t\u01b0\u1edfng t\u1ea1i trung t\u00e2m c\u1ee7a ch\u00fang t\u00f4i ngay t\u1ea1i \u0111\u00e2y ho\u1eb7c \u0111\u1eb7t l\u1ecbch tham quan tr\u1ef1c ti\u1ebfp v\u1edbi ch\u00fang t\u00f4i<\/p>\n\n\n\n<p><\/p>\n\n\n\n<figure class=\"wp-block-gallery has-nested-images columns-default is-cropped wp-block-gallery-2 is-layout-flex wp-block-gallery-is-layout-flex\"><\/figure>\n<\/div>\n\n\n\n<div class=\"wp-block-column is-layout-flow wp-block-column-is-layout-flow\"><div class=\"wp-block-image\">\n<figure class=\"aligncenter size-large is-resized\"><img decoding=\"async\" src=\"https:\/\/theleadershub.vn\/wp-content\/themes\/hestia\/assets\/img\/feat2.png\" alt=\"\" class=\"wp-image-71\" style=\"width:64px;height:64px\"\/><\/figure>\n<\/div>\n\n\n<h5 class=\"wp-block-heading has-text-align-center has-text-color\" style=\"color:#3c4858;font-size:18px\">02. <strong>Nh\u1eadn B\u00e1o Gi\u00e1<\/strong><\/h5>\n\n\n\n<p class=\"has-text-align-center has-text-color\" style=\"color:#999999;font-size:14px\">Gi\u00e1 d\u1ecbch v\u1ee5 v\u0103n ph\u00f2ng ph\u1ee5 thu\u1ed9c v\u00e0o di\u1ec7n t\u00edch, lo\u1ea1i ph\u00f2ng v\u00e0 c\u00e1c d\u1ecbch v\u1ee5 ti\u1ec7n \u00edch c\u1ed9ng th\u00eam. Vui l\u00f2ng li\u00ean h\u1ec7 ch\u00fang t\u00f4i \u0111\u1ec3 nh\u1eadn \u0111\u01b0\u1ee3c b\u00e1o gi\u00e1 \u01b0u \u0111\u00e3i s\u1edbm nh\u1ea5t!!<\/p>\n\n\n\n<p><\/p>\n\n\n\n<div style=\"height:0px\" aria-hidden=\"true\" class=\"wp-block-spacer\"><\/div>\n<\/div>\n\n\n\n<div class=\"wp-block-column is-layout-flow wp-block-column-is-layout-flow\"><div class=\"wp-block-image\">\n<figure class=\"aligncenter size-large\"><img decoding=\"async\" src=\"https:\/\/theleadershub.vn\/wp-content\/themes\/hestia\/assets\/img\/feat3.png\" alt=\"\" class=\"wp-image-72\"\/><\/figure>\n<\/div>\n\n\n<h5 class=\"wp-block-heading has-text-align-center has-text-color\" style=\"color:#3c4858;font-size:18px\">03.<strong> V\u00e0o S\u1eed D\u1ee5ng<\/strong><\/h5>\n\n\n\n<p class=\"has-text-align-center has-text-color\" style=\"color:#999999;font-size:14px\">Khi b\u1ea1n s\u1eb5n s\u00e0ng, ch\u1ec9 c\u1ea7n mang laptop v\u00e0 t\u1eadn h\u01b0\u1edfng kh\u00f4ng gian l\u00e0m vi\u1ec7c ti\u1ec7n nghi.<\/p>\n\n\n\n<div style=\"height:2px\" aria-hidden=\"true\" class=\"wp-block-spacer\"><\/div>\n\n\n\n<figure class=\"wp-block-gallery has-nested-images columns-default is-cropped wp-block-gallery-3 is-layout-flex wp-block-gallery-is-layout-flex\"><\/figure>\n<\/div>\n<\/div>\n\n\n<div class=\"wp-block-image\">\n<figure class=\"aligncenter size-large\"><img loading=\"lazy\" decoding=\"async\" width=\"1024\" height=\"689\" src=\"https:\/\/theleadershub.vn\/wp-content\/uploads\/2023\/03\/image-42-1024x689.png\" alt=\"\" class=\"wp-image-335\" srcset=\"https:\/\/theleadershub.vn\/wp-content\/uploads\/2023\/03\/image-42-1024x689.png 1024w, https:\/\/theleadershub.vn\/wp-content\/uploads\/2023\/03\/image-42-300x202.png 300w, https:\/\/theleadershub.vn\/wp-content\/uploads\/2023\/03\/image-42-768x517.png 768w, https:\/\/theleadershub.vn\/wp-content\/uploads\/2023\/03\/image-42-1536x1033.png 1536w, https:\/\/theleadershub.vn\/wp-content\/uploads\/2023\/03\/image-42-2048x1377.png 2048w\" sizes=\"auto, (max-width: 1024px) 100vw, 1024px\" \/><\/figure>\n<\/div><\/div><\/div>\n\n\n\n<div class=\"wp-block-columns container is-layout-flex wp-container-core-columns-is-layout-9d6595d7 wp-block-columns-is-layout-flex\">\n<div class=\"wp-block-column col-md-5 is-layout-flow wp-block-column-is-layout-flow\">\n<p><\/p>\n<\/div>\n<\/div>\n\n\n\n<div class=\"wp-block-media-text alignwide is-stacked-on-mobile\" style=\"grid-template-columns:47% auto\"><figure class=\"wp-block-media-text__media\"><img loading=\"lazy\" decoding=\"async\" width=\"1024\" height=\"681\" src=\"https:\/\/theleadershub.vn\/wp-content\/uploads\/2023\/11\/CQZ_8850-1024x681.jpg\" alt=\"\" class=\"wp-image-413 size-full\" srcset=\"https:\/\/theleadershub.vn\/wp-content\/uploads\/2023\/11\/CQZ_8850-1024x681.jpg 1024w, https:\/\/theleadershub.vn\/wp-content\/uploads\/2023\/11\/CQZ_8850-300x200.jpg 300w, https:\/\/theleadershub.vn\/wp-content\/uploads\/2023\/11\/CQZ_8850-768x511.jpg 768w, https:\/\/theleadershub.vn\/wp-content\/uploads\/2023\/11\/CQZ_8850-1536x1022.jpg 1536w, https:\/\/theleadershub.vn\/wp-content\/uploads\/2023\/11\/CQZ_8850-2048x1363.jpg 2048w, https:\/\/theleadershub.vn\/wp-content\/uploads\/2023\/11\/CQZ_8850-360x240.jpg 360w\" sizes=\"auto, (max-width: 1024px) 100vw, 1024px\" \/><\/figure><div class=\"wp-block-media-text__content\">\n<p><strong>V\u0102N PH\u00d2NG D\u1ecaCH V\u1ee4<\/strong><\/p>\n\n\n\n<p>V\u0103n ph\u00f2ng truy\u1ec1n th\u1ed1ng \u0111\u1ea7y \u0111\u1ee7 n\u1ed9i th\u1ea5t v\u00e0 ri\u00eang t\u01b0<\/p>\n\n\n\n<p>\u2022 Th\u1eddi gian thu\u00ea linh ho\u1ea1t<\/p>\n\n\n\n<p>\u2022 Gi\u1ea3m thi\u1ec3u r\u1ee7i ro v\u00e0 chi ph\u00ed setup ban \u0111\u1ea7u c\u1ee7a doanh nghi\u1ec7p<\/p>\n\n\n\n<p>\u2022 T\u1eadn h\u01b0\u1edfng kh\u00f4ng gian l\u00e0m vi\u1ec7c ri\u00eang t\u01b0 v\u00e0 chuy\u00ean nghi\u1ec7p <\/p>\n\n\n\n<p><strong>Vui l\u00f2ng li\u00ean h\u1ec7 hotline \u0111\u1ec3 \u0111\u01b0\u1ee3c t\u01b0 v\u1ea5n v\u00e0 ch\u00e0o gi\u00e1 h\u1ee3p l\u00fd<\/strong><\/p>\n<\/div><\/div>\n\n\n\n<div class=\"wp-block-media-text alignwide has-media-on-the-right is-stacked-on-mobile\" style=\"grid-template-columns:auto 51%\"><div class=\"wp-block-media-text__content\">\n<p><strong>V\u0102N PH\u00d2NG CHIA S\u1eba<\/strong><\/p>\n\n\n\n<p>Kh\u00f4ng gian l\u00e0m vi\u1ec7c chung n\u0103ng \u0111\u1ed9ng, k\u1ebft n\u1ed1i, v\u0103n minh<\/p>\n\n\n\n<p>\u2022 Ti\u1ebft ki\u1ec7m chi ph\u00ed<\/p>\n\n\n\n<p>\u2022 Linh ho\u1ea1t th\u1eddi gian <\/p>\n\n\n\n<p>\u2022 \u0110\u1ea7y \u0111\u1ee7 ti\u1ec7n \u00edch <\/p>\n\n\n\n<p><strong>Chi Ph\u00ed Ch\u1ec9 t\u1eeb 5,000,000VN\u0110\/ch\u1ed7 ng\u1ed3i <\/strong><\/p>\n<\/div><figure class=\"wp-block-media-text__media\"><img loading=\"lazy\" decoding=\"async\" width=\"1024\" height=\"681\" src=\"https:\/\/theleadershub.vn\/wp-content\/uploads\/2023\/11\/CQZ_8884-1-1024x681.jpg\" alt=\"\" class=\"wp-image-415 size-full\" srcset=\"https:\/\/theleadershub.vn\/wp-content\/uploads\/2023\/11\/CQZ_8884-1-1024x681.jpg 1024w, https:\/\/theleadershub.vn\/wp-content\/uploads\/2023\/11\/CQZ_8884-1-300x200.jpg 300w, https:\/\/theleadershub.vn\/wp-content\/uploads\/2023\/11\/CQZ_8884-1-768x511.jpg 768w, https:\/\/theleadershub.vn\/wp-content\/uploads\/2023\/11\/CQZ_8884-1-1536x1022.jpg 1536w, https:\/\/theleadershub.vn\/wp-content\/uploads\/2023\/11\/CQZ_8884-1-2048x1363.jpg 2048w, https:\/\/theleadershub.vn\/wp-content\/uploads\/2023\/11\/CQZ_8884-1-360x240.jpg 360w\" sizes=\"auto, (max-width: 1024px) 100vw, 1024px\" \/><\/figure><\/div>\n\n\n\n<div class=\"wp-block-media-text alignwide is-stacked-on-mobile\" style=\"grid-template-columns:48% auto\"><figure class=\"wp-block-media-text__media\"><img loading=\"lazy\" decoding=\"async\" width=\"1024\" height=\"698\" src=\"https:\/\/theleadershub.vn\/wp-content\/uploads\/2023\/11\/007-1024x698.jpg\" alt=\"\" class=\"wp-image-400 size-full\" srcset=\"https:\/\/theleadershub.vn\/wp-content\/uploads\/2023\/11\/007-1024x698.jpg 1024w, https:\/\/theleadershub.vn\/wp-content\/uploads\/2023\/11\/007-300x205.jpg 300w, https:\/\/theleadershub.vn\/wp-content\/uploads\/2023\/11\/007-768x524.jpg 768w, https:\/\/theleadershub.vn\/wp-content\/uploads\/2023\/11\/007-1536x1047.jpg 1536w, https:\/\/theleadershub.vn\/wp-content\/uploads\/2023\/11\/007-2048x1396.jpg 2048w\" sizes=\"auto, (max-width: 1024px) 100vw, 1024px\" \/><\/figure><div class=\"wp-block-media-text__content\">\n<p><strong>V\u0102N PH\u00d2NG \u1ea2O<\/strong><\/p>\n\n\n\n<p>G\u00f3i \u0110\u1ecba ch\u1ec9 V\u0103n Ph\u00f2ng, ti\u1ebft ki\u1ec7m chi ph\u00ed doanh nghi\u1ec7p<\/p>\n\n\n\n<p>\u2022 \u0110\u1ecba ch\u1ec9 v\u0103n ph\u00f2ng h\u1ea1ng A <\/p>\n\n\n\n<p>\u2022 N\u00e2ng t\u1ea7m v\u1ecb th\u1ebf c\u00f4ng ty<\/p>\n\n\n\n<p><strong>Chi Ph\u00ed Ch\u1ec9 T\u1eeb 980,000VN\u0110\/th\u00e1ng<\/strong><\/p>\n<\/div><\/div>\n\n\n\n<p><\/p>\n\n\n\n<p><br><\/p>\n\n\n\n<div class=\"wp-block-buttons is-layout-flex wp-block-buttons-is-layout-flex\"><\/div>\n\n\n\n<div class=\"wp-block-buttons is-layout-flex wp-block-buttons-is-layout-flex\"><\/div>\n\n\n\n<p><\/p>\n","protected":false},"excerpt":{"rendered":"<p>V\u0102N PH\u00d2NG D\u1ecaCH V\u1ee4 V\u0103n ph\u00f2ng truy\u1ec1n th\u1ed1ng \u0111\u1ea7y \u0111\u1ee7 n\u1ed9i th\u1ea5t v\u00e0 ri\u00eang t\u01b0 \u2022 Th\u1eddi gian thu\u00ea linh ho\u1ea1t \u2022 Gi\u1ea3m thi\u1ec3u r\u1ee7i ro v\u00e0 chi ph\u00ed setup ban \u0111\u1ea7u c\u1ee7a doanh nghi\u1ec7p \u2022 T\u1eadn h\u01b0\u1edfng kh\u00f4ng gian l\u00e0m vi\u1ec7c ri\u00eang t\u01b0 v\u00e0 chuy\u00ean nghi\u1ec7p Vui l\u00f2ng li\u00ean [&hellip;]<\/p>\n","protected":false},"author":1,"featured_media":111,"parent":0,"menu_order":0,"comment_status":"closed","ping_status":"closed","template":"","meta":{"footnotes":""},"class_list":["post-12","page","type-page","status-publish","has-post-thumbnail","hentry"],"_links":{"self":[{"href":"https:\/\/theleadershub.vn\/index.php\/wp-json\/wp\/v2\/pages\/12","targetHints":{"allow":["GET"]}}],"collection":[{"href":"https:\/\/theleadershub.vn\/index.php\/wp-json\/wp\/v2\/pages"}],"about":[{"href":"https:\/\/theleadershub.vn\/index.php\/wp-json\/wp\/v2\/types\/page"}],"author":[{"embeddable":true,"href":"https:\/\/theleadershub.vn\/index.php\/wp-json\/wp\/v2\/users\/1"}],"replies":[{"embeddable":true,"href":"https:\/\/theleadershub.vn\/index.php\/wp-json\/wp\/v2\/comments?post=12"}],"version-history":[{"count":87,"href":"https:\/\/theleadershub.vn\/index.php\/wp-json\/wp\/v2\/pages\/12\/revisions"}],"predecessor-version":[{"id":680,"href":"https:\/\/theleadershub.vn\/index.php\/wp-json\/wp\/v2\/pages\/12\/revisions\/680"}],"wp:featuredmedia":[{"embeddable":true,"href":"https:\/\/theleadershub.vn\/index.php\/wp-json\/wp\/v2\/media\/111"}],"wp:attachment":[{"href":"https:\/\/theleadershub.vn\/index.php\/wp-json\/wp\/v2\/media?parent=12"}],"curies":[{"name":"wp","href":"https:\/\/api.w.org\/{rel}","templated":true}]}}